{"id":33,"date":"2025-01-29T00:55:14","date_gmt":"2025-01-29T00:55:14","guid":{"rendered":"https:\/\/tawadaarchitects.com\/?page_id=33"},"modified":"2025-01-31T21:53:39","modified_gmt":"2025-01-31T21:53:39","slug":"proyectos","status":"publish","type":"page","link":"https:\/\/tawadaarchitects.com\/index.php\/proyectos\/","title":{"rendered":"Proyectos"},"content":{"rendered":"\t\t<div data-elementor-type=\"wp-page\" data-elementor-id=\"33\" class=\"elementor elementor-33\" data-elementor-post-type=\"page\">\n\t\t\t\t<div class=\"elementor-element elementor-element-3395b471 e-flex e-con-boxed e-con e-parent\" data-id=\"3395b471\" data-element_type=\"container\">\n\t\t\t\t\t<div class=\"e-con-inner\">\n\t\t\t\t<div class=\"elementor-element elementor-element-3f867ec7 elementor-widget elementor-widget-heading\" data-id=\"3f867ec7\" data-element_type=\"widget\" data-widget_type=\"heading.default\">\n\t\t\t\t<div class=\"elementor-widget-container\">\n\t\t\t\t\t<h2 class=\"elementor-heading-title elementor-size-default\">Nuestros proyectos reflejan nuestra visi\u00f3n de innovaci\u00f3n y excelencia<\/h2>\t\t\t\t<\/div>\n\t\t\t\t<\/div>\n\t\t\t\t\t<\/div>\n\t\t\t\t<\/div>\n\t\t<div class=\"elementor-element elementor-element-1c74dbd2 e-flex e-con-boxed e-con e-parent\" data-id=\"1c74dbd2\" data-element_type=\"container\">\n\t\t\t\t\t<div class=\"e-con-inner\">\n\t\t\t\t<div class=\"elementor-element elementor-element-1a697f94 elementor-grid-3 elementor-grid-tablet-2 elementor-grid-mobile-1 elementor-widget elementor-widget-loop-grid\" data-id=\"1a697f94\" data-element_type=\"widget\" data-settings=\"{&quot;template_id&quot;:&quot;89&quot;,&quot;row_gap&quot;:{&quot;unit&quot;:&quot;px&quot;,&quot;size&quot;:80,&quot;sizes&quot;:[]},&quot;row_gap_mobile&quot;:{&quot;unit&quot;:&quot;px&quot;,&quot;size&quot;:64,&quot;sizes&quot;:[]},&quot;columns&quot;:3,&quot;_skin&quot;:&quot;post&quot;,&quot;columns_tablet&quot;:&quot;2&quot;,&quot;columns_mobile&quot;:&quot;1&quot;,&quot;edit_handle_selector&quot;:&quot;[data-elementor-type=\\&quot;loop-item\\&quot;]&quot;,&quot;row_gap_tablet&quot;:{&quot;unit&quot;:&quot;px&quot;,&quot;size&quot;:&quot;&quot;,&quot;sizes&quot;:[]}}\" data-widget_type=\"loop-grid.post\">\n\t\t\t\t<div class=\"elementor-widget-container\">\n\t\t\t\t\t\t\t<div class=\"elementor-loop-container elementor-grid\">\n\t\t<style id=\"loop-89\">.elementor-89 .elementor-element.elementor-element-d57166b{--display:flex;--flex-direction:column;--container-widget-width:100%;--container-widget-height:initial;--container-widget-flex-grow:0;--container-widget-align-self:initial;--flex-wrap-mobile:wrap;--padding-top:0px;--padding-bottom:24px;--padding-left:0px;--padding-right:0px;}.elementor-widget-image .widget-image-caption{color:var( --e-global-color-text );font-family:var( --e-global-typography-text-font-family ), Sans-serif;font-size:var( --e-global-typography-text-font-size );font-weight:var( --e-global-typography-text-font-weight );line-height:var( --e-global-typography-text-line-height );}.elementor-89 .elementor-element.elementor-element-464431f img{width:100%;height:450px;object-fit:cover;object-position:center center;transition-duration:0.4s;border-radius:12px 12px 12px 12px;box-shadow:0px 14px 15px -4px rgba(24.000000000000004, 39.00000000000004, 75.00000000000001, 0.36);}.elementor-89 .elementor-element.elementor-element-a883986{--display:flex;--flex-direction:column;--container-widget-width:100%;--container-widget-height:initial;--container-widget-flex-grow:0;--container-widget-align-self:initial;--flex-wrap-mobile:wrap;--padding-top:0px;--padding-bottom:0px;--padding-left:0px;--padding-right:0px;}.elementor-89 .elementor-element.elementor-element-22a9e6d{--display:flex;--gap:24px 24px;--row-gap:24px;--column-gap:24px;--padding-top:0px;--padding-bottom:0px;--padding-left:12px;--padding-right:12px;}.elementor-89 .elementor-element.elementor-element-ac5b927{--display:flex;--flex-direction:column;--container-widget-width:100%;--container-widget-height:initial;--container-widget-flex-grow:0;--container-widget-align-self:initial;--flex-wrap-mobile:wrap;--gap:8px 8px;--row-gap:8px;--column-gap:8px;--padding-top:0px;--padding-bottom:0px;--padding-left:0px;--padding-right:0px;}.elementor-widget-heading .elementor-heading-title{font-family:var( --e-global-typography-primary-font-family ), Sans-serif;font-size:var( --e-global-typography-primary-font-size );font-weight:var( --e-global-typography-primary-font-weight );line-height:var( --e-global-typography-primary-line-height );color:var( --e-global-color-primary );}.elementor-89 .elementor-element.elementor-element-d087159 .elementor-heading-title{font-family:var( --e-global-typography-secondary-font-family ), Sans-serif;font-size:var( --e-global-typography-secondary-font-size );font-weight:var( --e-global-typography-secondary-font-weight );line-height:var( --e-global-typography-secondary-line-height );}.elementor-widget-text-editor{color:var( --e-global-color-text );font-family:var( --e-global-typography-text-font-family ), Sans-serif;font-size:var( --e-global-typography-text-font-size );font-weight:var( --e-global-typography-text-font-weight );line-height:var( --e-global-typography-text-line-height );}.elementor-widget-text-editor.elementor-drop-cap-view-stacked .elementor-drop-cap{background-color:var( --e-global-color-primary );}.elementor-widget-text-editor.elementor-drop-cap-view-framed .elementor-drop-cap, .elementor-widget-text-editor.elementor-drop-cap-view-default .elementor-drop-cap{color:var( --e-global-color-primary );border-color:var( --e-global-color-primary );}.elementor-89 .elementor-element.elementor-element-232380b{color:var( --e-global-color-790d581 );font-family:var( --e-global-typography-a7da762-font-family ), Sans-serif;font-size:var( --e-global-typography-a7da762-font-size );font-weight:var( --e-global-typography-a7da762-font-weight );line-height:var( --e-global-typography-a7da762-line-height );}.elementor-89 .elementor-element.elementor-element-b5e9adc{font-family:\"Montserrat\", Sans-serif;font-size:16px;font-weight:500;line-height:1.3em;}.elementor-widget-icon-box.elementor-view-stacked .elementor-icon{background-color:var( --e-global-color-primary );}.elementor-widget-icon-box.elementor-view-framed .elementor-icon, .elementor-widget-icon-box.elementor-view-default .elementor-icon{fill:var( --e-global-color-primary );color:var( --e-global-color-primary );border-color:var( --e-global-color-primary );}.elementor-widget-icon-box .elementor-icon-box-title{color:var( --e-global-color-primary );}.elementor-widget-icon-box .elementor-icon-box-title, .elementor-widget-icon-box .elementor-icon-box-title a{font-family:var( --e-global-typography-primary-font-family ), Sans-serif;font-size:var( --e-global-typography-primary-font-size );font-weight:var( --e-global-typography-primary-font-weight );line-height:var( --e-global-typography-primary-line-height );}.elementor-widget-icon-box .elementor-icon-box-description{color:var( --e-global-color-text );font-family:var( --e-global-typography-text-font-family ), Sans-serif;font-size:var( --e-global-typography-text-font-size );font-weight:var( --e-global-typography-text-font-weight );line-height:var( --e-global-typography-text-line-height );}.elementor-89 .elementor-element.elementor-element-5073e87{--icon-box-icon-margin:8px;}.elementor-89 .elementor-element.elementor-element-5073e87 .elementor-icon{font-size:48px;}.elementor-89 .elementor-element.elementor-element-5073e87 .elementor-icon-box-title{color:var( --e-global-color-790d581 );}.elementor-89 .elementor-element.elementor-element-5073e87 .elementor-icon-box-title, .elementor-89 .elementor-element.elementor-element-5073e87 .elementor-icon-box-title a{font-family:var( --e-global-typography-accent-font-family ), Sans-serif;font-size:var( --e-global-typography-accent-font-size );font-weight:var( --e-global-typography-accent-font-weight );}@media(max-width:1024px) and (min-width:768px){.elementor-89 .elementor-element.elementor-element-d57166b{--content-width:100%;}.elementor-89 .elementor-element.elementor-element-a883986{--content-width:85%;}}@media(max-width:1024px){.elementor-89 .elementor-element.elementor-element-d57166b{--padding-top:0px;--padding-bottom:24px;--padding-left:0px;--padding-right:0px;}.elementor-widget-image .widget-image-caption{font-size:var( --e-global-typography-text-font-size );line-height:var( --e-global-typography-text-line-height );}.elementor-89 .elementor-element.elementor-element-464431f img{width:600px;height:350px;object-fit:cover;}.elementor-89 .elementor-element.elementor-element-22a9e6d{--gap:4px 4px;--row-gap:4px;--column-gap:4px;}.elementor-widget-heading .elementor-heading-title{font-size:var( --e-global-typography-primary-font-size );line-height:var( --e-global-typography-primary-line-height );}.elementor-89 .elementor-element.elementor-element-d087159 .elementor-heading-title{font-size:var( --e-global-typography-secondary-font-size );line-height:var( --e-global-typography-secondary-line-height );}.elementor-widget-text-editor{font-size:var( --e-global-typography-text-font-size );line-height:var( --e-global-typography-text-line-height );}.elementor-89 .elementor-element.elementor-element-232380b{font-size:var( --e-global-typography-a7da762-font-size );line-height:var( --e-global-typography-a7da762-line-height );}.elementor-89 .elementor-element.elementor-element-b5e9adc{font-size:14px;}.elementor-widget-icon-box .elementor-icon-box-title, .elementor-widget-icon-box .elementor-icon-box-title a{font-size:var( --e-global-typography-primary-font-size );line-height:var( --e-global-typography-primary-line-height );}.elementor-widget-icon-box .elementor-icon-box-description{font-size:var( --e-global-typography-text-font-size );line-height:var( --e-global-typography-text-line-height );}.elementor-89 .elementor-element.elementor-element-5073e87 .elementor-icon-box-title, .elementor-89 .elementor-element.elementor-element-5073e87 .elementor-icon-box-title a{font-size:var( --e-global-typography-accent-font-size );}}@media(max-width:767px){.elementor-89 .elementor-element.elementor-element-d57166b{--padding-top:0px;--padding-bottom:16px;--padding-left:0px;--padding-right:0px;}.elementor-widget-image .widget-image-caption{font-size:var( --e-global-typography-text-font-size );line-height:var( --e-global-typography-text-line-height );}.elementor-89 .elementor-element.elementor-element-464431f img{height:280px;}.elementor-widget-heading .elementor-heading-title{font-size:var( --e-global-typography-primary-font-size );line-height:var( --e-global-typography-primary-line-height );}.elementor-89 .elementor-element.elementor-element-d087159 .elementor-heading-title{font-size:var( --e-global-typography-secondary-font-size );line-height:var( --e-global-typography-secondary-line-height );}.elementor-widget-text-editor{font-size:var( --e-global-typography-text-font-size );line-height:var( --e-global-typography-text-line-height );}.elementor-89 .elementor-element.elementor-element-232380b{font-size:var( --e-global-typography-a7da762-font-size );line-height:var( --e-global-typography-a7da762-line-height );}.elementor-89 .elementor-element.elementor-element-b5e9adc{font-size:14px;}.elementor-widget-icon-box .elementor-icon-box-title, .elementor-widget-icon-box .elementor-icon-box-title a{font-size:var( --e-global-typography-primary-font-size );line-height:var( --e-global-typography-primary-line-height );}.elementor-widget-icon-box .elementor-icon-box-description{font-size:var( --e-global-typography-text-font-size );line-height:var( --e-global-typography-text-line-height );}.elementor-89 .elementor-element.elementor-element-5073e87 .elementor-icon-box-wrapper{text-align:center;}.elementor-89 .elementor-element.elementor-element-5073e87{--icon-box-icon-margin:0px;}.elementor-89 .elementor-element.elementor-element-5073e87 .elementor-icon-box-title{margin-bottom:0px;}.elementor-89 .elementor-element.elementor-element-5073e87 .elementor-icon-box-title, .elementor-89 .elementor-element.elementor-element-5073e87 .elementor-icon-box-title a{font-size:var( --e-global-typography-accent-font-size );}}<\/style>\t\t<div data-elementor-type=\"loop-item\" data-elementor-id=\"89\" class=\"elementor elementor-89 e-loop-item e-loop-item-394 post-394 projects type-projects status-publish format-standard has-post-thumbnail hentry\" data-elementor-post-type=\"elementor_library\" data-custom-edit-handle=\"1\">\n\t\t\t<div class=\"elementor-element elementor-element-d57166b e-flex e-con-boxed e-con e-parent\" data-id=\"d57166b\" data-element_type=\"container\">\n\t\t\t\t\t<div class=\"e-con-inner\">\n\t\t\t\t<div class=\"elementor-element elementor-element-464431f elementor-widget elementor-widget-image\" data-id=\"464431f\" data-element_type=\"widget\" data-widget_type=\"image.default\">\n\t\t\t\t<div class=\"elementor-widget-container\">\n\t\t\t\t\t\t\t\t\t\t\t\t\t\t\t\t<a href=\"https:\/\/tawadaarchitects.com\/index.php\/projects\/parque-los-rosales\/\">\n\t\t\t\t\t\t\t<img fetchpriority=\"high\" decoding=\"async\" width=\"800\" height=\"500\" src=\"https:\/\/tawadaarchitects.com\/wp-content\/uploads\/2025\/01\/parque-los-rosales-01.jpg\" class=\"elementor-animation-float attachment-full size-full wp-image-363\" alt=\"\" srcset=\"https:\/\/tawadaarchitects.com\/wp-content\/uploads\/2025\/01\/parque-los-rosales-01.jpg 800w, https:\/\/tawadaarchitects.com\/wp-content\/uploads\/2025\/01\/parque-los-rosales-01-300x188.jpg 300w, https:\/\/tawadaarchitects.com\/wp-content\/uploads\/2025\/01\/parque-los-rosales-01-768x480.jpg 768w\" sizes=\"(max-width: 800px) 100vw, 800px\" \/>\t\t\t\t\t\t\t\t<\/a>\n\t\t\t\t\t\t\t\t\t\t\t\t\t\t\t<\/div>\n\t\t\t\t<\/div>\n\t\t\t\t\t<\/div>\n\t\t\t\t<\/div>\n\t\t<div class=\"elementor-element elementor-element-a883986 e-flex e-con-boxed e-con e-parent\" data-id=\"a883986\" data-element_type=\"container\">\n\t\t\t\t\t<div class=\"e-con-inner\">\n\t\t<div class=\"elementor-element elementor-element-22a9e6d e-con-full e-flex e-con e-child\" data-id=\"22a9e6d\" data-element_type=\"container\">\n\t\t<div class=\"elementor-element elementor-element-ac5b927 e-con-full e-flex e-con e-child\" data-id=\"ac5b927\" data-element_type=\"container\">\n\t\t\t\t<div class=\"elementor-element elementor-element-d087159 elementor-widget elementor-widget-heading\" data-id=\"d087159\" data-element_type=\"widget\" data-widget_type=\"heading.default\">\n\t\t\t\t<div class=\"elementor-widget-container\">\n\t\t\t\t\t<h2 class=\"elementor-heading-title elementor-size-default\">Parque Los Rosales<\/h2>\t\t\t\t<\/div>\n\t\t\t\t<\/div>\n\t\t\t\t<div class=\"elementor-element elementor-element-232380b elementor-widget elementor-widget-text-editor\" data-id=\"232380b\" data-element_type=\"widget\" data-widget_type=\"text-editor.default\">\n\t\t\t\t<div class=\"elementor-widget-container\">\n\t\t\t\t\t\t\t\t\t<p>Lugar<\/p>\t\t\t\t\t\t\t\t<\/div>\n\t\t\t\t<\/div>\n\t\t\t\t<\/div>\n\t\t\t\t<div class=\"elementor-element elementor-element-b5e9adc elementor-widget elementor-widget-text-editor\" data-id=\"b5e9adc\" data-element_type=\"widget\" data-widget_type=\"text-editor.default\">\n\t\t\t\t<div class=\"elementor-widget-container\">\n\t\t\t\t\t\t\t\t\tUrbanizaci\u00f3n en el barrio Los Rosales de la ciudad de Bogot\u00e1. 35.000 m2 construidos y un total de 36 meses de ejecuci\u00f3n.\t\t\t\t\t\t\t\t<\/div>\n\t\t\t\t<\/div>\n\t\t\t\t<div class=\"elementor-element elementor-element-5073e87 elementor-position-right elementor-vertical-align-middle elementor-view-default elementor-mobile-position-top elementor-widget elementor-widget-icon-box\" data-id=\"5073e87\" data-element_type=\"widget\" data-widget_type=\"icon-box.default\">\n\t\t\t\t<div class=\"elementor-widget-container\">\n\t\t\t\t\t\t\t<div class=\"elementor-icon-box-wrapper\">\n\n\t\t\t\t\t\t<div class=\"elementor-icon-box-icon\">\n\t\t\t\t<a href=\"https:\/\/tawadaarchitects.com\/index.php\/projects\/parque-los-rosales\/\" class=\"elementor-icon\" tabindex=\"-1\" aria-label=\"Ver proyecto\">\n\t\t\t\t<svg xmlns=\"http:\/\/www.w3.org\/2000\/svg\" width=\"49\" height=\"48\" viewBox=\"0 0 49 48\" fill=\"none\"><path d=\"M1.16666 24C1.16666 11.0213 11.688 0.5 24.6667 0.5C37.6453 0.5 48.1667 11.0213 48.1667 24C48.1667 36.9787 37.6453 47.5 24.6667 47.5C11.688 47.5 1.16666 36.9787 1.16666 24Z\" fill=\"#1B335F\" fill-opacity=\"0.15\"><\/path><path d=\"M1.16666 24C1.16666 11.0213 11.688 0.5 24.6667 0.5C37.6453 0.5 48.1667 11.0213 48.1667 24C48.1667 36.9787 37.6453 47.5 24.6667 47.5C11.688 47.5 1.16666 36.9787 1.16666 24Z\" stroke=\"#09101F\"><\/path><path d=\"M33.3142 24.3974L26.5642 31.1474C26.4575 31.2467 26.3165 31.3008 26.1708 31.2983C26.025 31.2957 25.886 31.2367 25.7829 31.1336C25.6799 31.0305 25.6208 30.8915 25.6183 30.7458C25.6157 30.6001 25.6698 30.459 25.7692 30.3524L31.5582 24.5624H16.4167C16.2675 24.5624 16.1244 24.5031 16.0189 24.3976C15.9134 24.2921 15.8542 24.1491 15.8542 23.9999C15.8542 23.8507 15.9134 23.7076 16.0189 23.6021C16.1244 23.4966 16.2675 23.4374 16.4167 23.4374H31.5582L25.7692 17.6474C25.6698 17.5408 25.6157 17.3997 25.6183 17.254C25.6208 17.1083 25.6799 16.9692 25.7829 16.8662C25.886 16.7631 26.025 16.7041 26.1708 16.7015C26.3165 16.6989 26.4575 16.753 26.5642 16.8524L33.3142 23.6024C33.4195 23.7079 33.4787 23.8508 33.4787 23.9999C33.4787 24.1489 33.4195 24.2919 33.3142 24.3974Z\" fill=\"#09101F\"><\/path><\/svg>\t\t\t\t<\/a>\n\t\t\t<\/div>\n\t\t\t\n\t\t\t\t\t\t<div class=\"elementor-icon-box-content\">\n\n\t\t\t\t\t\t\t\t\t<h3 class=\"elementor-icon-box-title\">\n\t\t\t\t\t\t<a href=\"https:\/\/tawadaarchitects.com\/index.php\/projects\/parque-los-rosales\/\" >\n\t\t\t\t\t\t\tVer proyecto\t\t\t\t\t\t<\/a>\n\t\t\t\t\t<\/h3>\n\t\t\t\t\n\t\t\t\t\n\t\t\t<\/div>\n\t\t\t\n\t\t<\/div>\n\t\t\t\t\t\t<\/div>\n\t\t\t\t<\/div>\n\t\t\t\t<\/div>\n\t\t\t\t\t<\/div>\n\t\t\t\t<\/div>\n\t\t\t\t<\/div>\n\t\t\t\t<div data-elementor-type=\"loop-item\" data-elementor-id=\"89\" class=\"elementor elementor-89 e-loop-item e-loop-item-388 post-388 projects type-projects status-publish format-standard has-post-thumbnail hentry\" data-elementor-post-type=\"elementor_library\" data-custom-edit-handle=\"1\">\n\t\t\t<div class=\"elementor-element elementor-element-d57166b e-flex e-con-boxed e-con e-parent\" data-id=\"d57166b\" data-element_type=\"container\">\n\t\t\t\t\t<div class=\"e-con-inner\">\n\t\t\t\t<div class=\"elementor-element elementor-element-464431f elementor-widget elementor-widget-image\" data-id=\"464431f\" data-element_type=\"widget\" data-widget_type=\"image.default\">\n\t\t\t\t<div class=\"elementor-widget-container\">\n\t\t\t\t\t\t\t\t\t\t\t\t\t\t\t\t<a href=\"https:\/\/tawadaarchitects.com\/index.php\/projects\/coolmedica\/\">\n\t\t\t\t\t\t\t<img decoding=\"async\" width=\"800\" height=\"500\" src=\"https:\/\/tawadaarchitects.com\/wp-content\/uploads\/2025\/02\/colmedica-03.jpg\" class=\"elementor-animation-float attachment-full size-full wp-image-380\" alt=\"\" srcset=\"https:\/\/tawadaarchitects.com\/wp-content\/uploads\/2025\/02\/colmedica-03.jpg 800w, https:\/\/tawadaarchitects.com\/wp-content\/uploads\/2025\/02\/colmedica-03-300x188.jpg 300w, https:\/\/tawadaarchitects.com\/wp-content\/uploads\/2025\/02\/colmedica-03-768x480.jpg 768w\" sizes=\"(max-width: 800px) 100vw, 800px\" \/>\t\t\t\t\t\t\t\t<\/a>\n\t\t\t\t\t\t\t\t\t\t\t\t\t\t\t<\/div>\n\t\t\t\t<\/div>\n\t\t\t\t\t<\/div>\n\t\t\t\t<\/div>\n\t\t<div class=\"elementor-element elementor-element-a883986 e-flex e-con-boxed e-con e-parent\" data-id=\"a883986\" data-element_type=\"container\">\n\t\t\t\t\t<div class=\"e-con-inner\">\n\t\t<div class=\"elementor-element elementor-element-22a9e6d e-con-full e-flex e-con e-child\" data-id=\"22a9e6d\" data-element_type=\"container\">\n\t\t<div class=\"elementor-element elementor-element-ac5b927 e-con-full e-flex e-con e-child\" data-id=\"ac5b927\" data-element_type=\"container\">\n\t\t\t\t<div class=\"elementor-element elementor-element-d087159 elementor-widget elementor-widget-heading\" data-id=\"d087159\" data-element_type=\"widget\" data-widget_type=\"heading.default\">\n\t\t\t\t<div class=\"elementor-widget-container\">\n\t\t\t\t\t<h2 class=\"elementor-heading-title elementor-size-default\">Coolm\u00e9dica<\/h2>\t\t\t\t<\/div>\n\t\t\t\t<\/div>\n\t\t\t\t<div class=\"elementor-element elementor-element-232380b elementor-widget elementor-widget-text-editor\" data-id=\"232380b\" data-element_type=\"widget\" data-widget_type=\"text-editor.default\">\n\t\t\t\t<div class=\"elementor-widget-container\">\n\t\t\t\t\t\t\t\t\t<p>Lugar<\/p>\t\t\t\t\t\t\t\t<\/div>\n\t\t\t\t<\/div>\n\t\t\t\t<\/div>\n\t\t\t\t<div class=\"elementor-element elementor-element-b5e9adc elementor-widget elementor-widget-text-editor\" data-id=\"b5e9adc\" data-element_type=\"widget\" data-widget_type=\"text-editor.default\">\n\t\t\t\t<div class=\"elementor-widget-container\">\n\t\t\t\t\t\t\t\t\tRemodelaci\u00f3n Coolm\u00e9dica Medicina Prepagada. Barrio Chic\u00f3, Bogot\u00e1 DC. 5.345 m2 construidos y una ejecuci\u00f3n de 6 meses.\t\t\t\t\t\t\t\t<\/div>\n\t\t\t\t<\/div>\n\t\t\t\t<div class=\"elementor-element elementor-element-5073e87 elementor-position-right elementor-vertical-align-middle elementor-view-default elementor-mobile-position-top elementor-widget elementor-widget-icon-box\" data-id=\"5073e87\" data-element_type=\"widget\" data-widget_type=\"icon-box.default\">\n\t\t\t\t<div class=\"elementor-widget-container\">\n\t\t\t\t\t\t\t<div class=\"elementor-icon-box-wrapper\">\n\n\t\t\t\t\t\t<div class=\"elementor-icon-box-icon\">\n\t\t\t\t<a href=\"https:\/\/tawadaarchitects.com\/index.php\/projects\/coolmedica\/\" class=\"elementor-icon\" tabindex=\"-1\" aria-label=\"Ver proyecto\">\n\t\t\t\t<svg xmlns=\"http:\/\/www.w3.org\/2000\/svg\" width=\"49\" height=\"48\" viewBox=\"0 0 49 48\" fill=\"none\"><path d=\"M1.16666 24C1.16666 11.0213 11.688 0.5 24.6667 0.5C37.6453 0.5 48.1667 11.0213 48.1667 24C48.1667 36.9787 37.6453 47.5 24.6667 47.5C11.688 47.5 1.16666 36.9787 1.16666 24Z\" fill=\"#1B335F\" fill-opacity=\"0.15\"><\/path><path d=\"M1.16666 24C1.16666 11.0213 11.688 0.5 24.6667 0.5C37.6453 0.5 48.1667 11.0213 48.1667 24C48.1667 36.9787 37.6453 47.5 24.6667 47.5C11.688 47.5 1.16666 36.9787 1.16666 24Z\" stroke=\"#09101F\"><\/path><path d=\"M33.3142 24.3974L26.5642 31.1474C26.4575 31.2467 26.3165 31.3008 26.1708 31.2983C26.025 31.2957 25.886 31.2367 25.7829 31.1336C25.6799 31.0305 25.6208 30.8915 25.6183 30.7458C25.6157 30.6001 25.6698 30.459 25.7692 30.3524L31.5582 24.5624H16.4167C16.2675 24.5624 16.1244 24.5031 16.0189 24.3976C15.9134 24.2921 15.8542 24.1491 15.8542 23.9999C15.8542 23.8507 15.9134 23.7076 16.0189 23.6021C16.1244 23.4966 16.2675 23.4374 16.4167 23.4374H31.5582L25.7692 17.6474C25.6698 17.5408 25.6157 17.3997 25.6183 17.254C25.6208 17.1083 25.6799 16.9692 25.7829 16.8662C25.886 16.7631 26.025 16.7041 26.1708 16.7015C26.3165 16.6989 26.4575 16.753 26.5642 16.8524L33.3142 23.6024C33.4195 23.7079 33.4787 23.8508 33.4787 23.9999C33.4787 24.1489 33.4195 24.2919 33.3142 24.3974Z\" fill=\"#09101F\"><\/path><\/svg>\t\t\t\t<\/a>\n\t\t\t<\/div>\n\t\t\t\n\t\t\t\t\t\t<div class=\"elementor-icon-box-content\">\n\n\t\t\t\t\t\t\t\t\t<h3 class=\"elementor-icon-box-title\">\n\t\t\t\t\t\t<a href=\"https:\/\/tawadaarchitects.com\/index.php\/projects\/coolmedica\/\" >\n\t\t\t\t\t\t\tVer proyecto\t\t\t\t\t\t<\/a>\n\t\t\t\t\t<\/h3>\n\t\t\t\t\n\t\t\t\t\n\t\t\t<\/div>\n\t\t\t\n\t\t<\/div>\n\t\t\t\t\t\t<\/div>\n\t\t\t\t<\/div>\n\t\t\t\t<\/div>\n\t\t\t\t\t<\/div>\n\t\t\t\t<\/div>\n\t\t\t\t<\/div>\n\t\t\t\t<\/div>\n\t\t\n\t\t\t\t\t\t<\/div>\n\t\t\t\t<\/div>\n\t\t\t\t\t<\/div>\n\t\t\t\t<\/div>\n\t\t\t\t<\/div>\n\t\t","protected":false},"excerpt":{"rendered":"<p>Nuestros proyectos reflejan nuestra visi\u00f3n de innovaci\u00f3n y excelencia<\/p>\n","protected":false},"author":1,"featured_media":0,"parent":0,"menu_order":0,"comment_status":"closed","ping_status":"closed","template":"elementor_header_footer","meta":{"_acf_changed":false,"footnotes":""},"class_list":["post-33","page","type-page","status-publish","hentry"],"acf":[],"aioseo_notices":[],"_links":{"self":[{"href":"https:\/\/tawadaarchitects.com\/index.php\/wp-json\/wp\/v2\/pages\/33","targetHints":{"allow":["GET"]}}],"collection":[{"href":"https:\/\/tawadaarchitects.com\/index.php\/wp-json\/wp\/v2\/pages"}],"about":[{"href":"https:\/\/tawadaarchitects.com\/index.php\/wp-json\/wp\/v2\/types\/page"}],"author":[{"embeddable":true,"href":"https:\/\/tawadaarchitects.com\/index.php\/wp-json\/wp\/v2\/users\/1"}],"replies":[{"embeddable":true,"href":"https:\/\/tawadaarchitects.com\/index.php\/wp-json\/wp\/v2\/comments?post=33"}],"version-history":[{"count":16,"href":"https:\/\/tawadaarchitects.com\/index.php\/wp-json\/wp\/v2\/pages\/33\/revisions"}],"predecessor-version":[{"id":306,"href":"https:\/\/tawadaarchitects.com\/index.php\/wp-json\/wp\/v2\/pages\/33\/revisions\/306"}],"wp:attachment":[{"href":"https:\/\/tawadaarchitects.com\/index.php\/wp-json\/wp\/v2\/media?parent=33"}],"curies":[{"name":"wp","href":"https:\/\/api.w.org\/{rel}","templated":true}]}}