{"id":31,"date":"2025-01-29T00:54:47","date_gmt":"2025-01-29T00:54:47","guid":{"rendered":"https:\/\/tawadaarchitects.com\/?page_id=31"},"modified":"2025-02-04T00:20:23","modified_gmt":"2025-02-04T00:20:23","slug":"consultorias","status":"publish","type":"page","link":"https:\/\/tawadaarchitects.com\/index.php\/consultorias\/","title":{"rendered":"Consultorias"},"content":{"rendered":"\t\t<div data-elementor-type=\"wp-page\" data-elementor-id=\"31\" class=\"elementor elementor-31\" data-elementor-post-type=\"page\">\n\t\t\t\t<div class=\"elementor-element elementor-element-56754b1f e-flex e-con-boxed e-con e-parent\" data-id=\"56754b1f\" data-element_type=\"container\">\n\t\t\t\t\t<div class=\"e-con-inner\">\n\t\t<div class=\"elementor-element elementor-element-349c9045 e-con-full e-flex e-con e-child\" data-id=\"349c9045\" data-element_type=\"container\">\n\t\t\t\t<div class=\"elementor-element elementor-element-1d95b690 elementor-widget elementor-widget-image\" data-id=\"1d95b690\" data-element_type=\"widget\" data-widget_type=\"image.default\">\n\t\t\t\t<div class=\"elementor-widget-container\">\n\t\t\t\t\t\t\t\t\t\t\t\t\t\t\t<img fetchpriority=\"high\" decoding=\"async\" width=\"1600\" height=\"1200\" src=\"https:\/\/tawadaarchitects.com\/wp-content\/uploads\/2025\/02\/residential-project-007-Tawada.jpg\" class=\"attachment-full size-full wp-image-326\" alt=\"\" srcset=\"https:\/\/tawadaarchitects.com\/wp-content\/uploads\/2025\/02\/residential-project-007-Tawada.jpg 1600w, https:\/\/tawadaarchitects.com\/wp-content\/uploads\/2025\/02\/residential-project-007-Tawada-300x225.jpg 300w, https:\/\/tawadaarchitects.com\/wp-content\/uploads\/2025\/02\/residential-project-007-Tawada-1024x768.jpg 1024w, https:\/\/tawadaarchitects.com\/wp-content\/uploads\/2025\/02\/residential-project-007-Tawada-768x576.jpg 768w, https:\/\/tawadaarchitects.com\/wp-content\/uploads\/2025\/02\/residential-project-007-Tawada-1536x1152.jpg 1536w\" sizes=\"(max-width: 1600px) 100vw, 1600px\" \/>\t\t\t\t\t\t\t\t\t\t\t\t\t\t\t<\/div>\n\t\t\t\t<\/div>\n\t\t\t\t<\/div>\n\t\t<div class=\"elementor-element elementor-element-36522c69 e-con-full e-flex e-con e-child\" data-id=\"36522c69\" data-element_type=\"container\">\n\t\t<div class=\"elementor-element elementor-element-c42f28e e-con-full e-flex e-con e-child\" data-id=\"c42f28e\" data-element_type=\"container\">\n\t\t\t\t<div class=\"elementor-element elementor-element-49733516 elementor-widget elementor-widget-heading\" data-id=\"49733516\" data-element_type=\"widget\" data-widget_type=\"heading.default\">\n\t\t\t\t<div class=\"elementor-widget-container\">\n\t\t\t\t\t<h2 class=\"elementor-heading-title elementor-size-default\">Consultor\u00edas especializadas<\/h2>\t\t\t\t<\/div>\n\t\t\t\t<\/div>\n\t\t\t\t<div class=\"elementor-element elementor-element-48db9d34 elementor-widget elementor-widget-text-editor\" data-id=\"48db9d34\" data-element_type=\"widget\" data-widget_type=\"text-editor.default\">\n\t\t\t\t<div class=\"elementor-widget-container\">\n\t\t\t\t\t\t\t\t\t<p>Ofrecemos un portafolio integral de consultor\u00edas dise\u00f1adas para optimizar cada fase de tu proyecto. Con especializaci\u00f3n en \u00e1reas clave como desarrollo urbano, sostenibilidad, ingenier\u00eda estructural y dise\u00f1o digital, nuestra experiencia multidisciplinaria abarca desde la gesti\u00f3n de costos y normatividad hasta la restauraci\u00f3n y el paisajismo.<\/p><p>Adem\u00e1s, contamos con consultor\u00edas especializadas en la seguridad, gesti\u00f3n de riesgos, y proyectos comerciales, asegurando soluciones estrat\u00e9gicas y adaptadas a tus necesidades.<\/p>\t\t\t\t\t\t\t\t<\/div>\n\t\t\t\t<\/div>\n\t\t\t\t<\/div>\n\t\t\t\t<div class=\"elementor-element elementor-element-3cfa8487 elementor-widget elementor-widget-button\" data-id=\"3cfa8487\" data-element_type=\"widget\" data-widget_type=\"button.default\">\n\t\t\t\t<div class=\"elementor-widget-container\">\n\t\t\t\t\t\t\t\t\t<div class=\"elementor-button-wrapper\">\n\t\t\t\t\t<a class=\"elementor-button elementor-button-link elementor-size-sm\" href=\"#\">\n\t\t\t\t\t\t<span class=\"elementor-button-content-wrapper\">\n\t\t\t\t\t\t\t\t\t<span class=\"elementor-button-text\">Cont\u00e1ctanos<\/span>\n\t\t\t\t\t<\/span>\n\t\t\t\t\t<\/a>\n\t\t\t\t<\/div>\n\t\t\t\t\t\t\t\t<\/div>\n\t\t\t\t<\/div>\n\t\t\t\t<\/div>\n\t\t\t\t\t<\/div>\n\t\t\t\t<\/div>\n\t\t<div class=\"elementor-element elementor-element-5490d852 e-flex e-con-boxed e-con e-parent\" data-id=\"5490d852\" data-element_type=\"container\">\n\t\t\t\t\t<div class=\"e-con-inner\">\n\t\t\t\t<div class=\"elementor-element elementor-element-17473cbb elementor-widget elementor-widget-heading\" data-id=\"17473cbb\" data-element_type=\"widget\" data-widget_type=\"heading.default\">\n\t\t\t\t<div class=\"elementor-widget-container\">\n\t\t\t\t\t<h2 class=\"elementor-heading-title elementor-size-default\">Todas nuestras consultor\u00edas<\/h2>\t\t\t\t<\/div>\n\t\t\t\t<\/div>\n\t\t\t\t\t<\/div>\n\t\t\t\t<\/div>\n\t\t<div class=\"elementor-element elementor-element-548e0da e-flex e-con-boxed e-con e-parent\" data-id=\"548e0da\" data-element_type=\"container\">\n\t\t\t\t\t<div class=\"e-con-inner\">\n\t\t<div class=\"elementor-element elementor-element-7010c85f e-con-full e-flex e-con e-child\" data-id=\"7010c85f\" data-element_type=\"container\">\n\t\t<div class=\"elementor-element elementor-element-3f489699 e-con-full e-flex e-con e-child\" data-id=\"3f489699\" data-element_type=\"container\">\n\t\t\t\t<div class=\"elementor-element elementor-element-7e550842 elementor-widget elementor-widget-heading\" data-id=\"7e550842\" data-element_type=\"widget\" data-widget_type=\"heading.default\">\n\t\t\t\t<div class=\"elementor-widget-container\">\n\t\t\t\t\t<h2 class=\"elementor-heading-title elementor-size-default\">Desarrollo Urbano<\/h2>\t\t\t\t<\/div>\n\t\t\t\t<\/div>\n\t\t\t\t<\/div>\n\t\t<div class=\"elementor-element elementor-element-789a35aa e-con-full e-flex e-con e-child\" data-id=\"789a35aa\" data-element_type=\"container\">\n\t\t\t\t<div class=\"elementor-element elementor-element-7a1756a4 elementor-widget elementor-widget-text-editor\" data-id=\"7a1756a4\" data-element_type=\"widget\" data-widget_type=\"text-editor.default\">\n\t\t\t\t<div class=\"elementor-widget-container\">\n\t\t\t\t\t\t\t\t\t<ul><li>Planificaci\u00f3n y dise\u00f1o de comunidades sostenibles.<\/li><li>Proyectos de urbanizaci\u00f3n y zonificaci\u00f3n.<\/li><li>Estudios de impacto ambiental y social para proyectos urbanos.<\/li><\/ul>\t\t\t\t\t\t\t\t<\/div>\n\t\t\t\t<\/div>\n\t\t\t\t<\/div>\n\t\t\t\t<\/div>\n\t\t<div class=\"elementor-element elementor-element-50f6fa85 e-con-full e-flex e-con e-child\" data-id=\"50f6fa85\" data-element_type=\"container\">\n\t\t<div class=\"elementor-element elementor-element-6f82e868 e-con-full e-flex e-con e-child\" data-id=\"6f82e868\" data-element_type=\"container\">\n\t\t\t\t<div class=\"elementor-element elementor-element-180a1b81 elementor-widget elementor-widget-heading\" data-id=\"180a1b81\" data-element_type=\"widget\" data-widget_type=\"heading.default\">\n\t\t\t\t<div class=\"elementor-widget-container\">\n\t\t\t\t\t<h2 class=\"elementor-heading-title elementor-size-default\">Sostenibilidad y Energ\u00eda<\/h2>\t\t\t\t<\/div>\n\t\t\t\t<\/div>\n\t\t\t\t<\/div>\n\t\t<div class=\"elementor-element elementor-element-1a3d82ed e-con-full e-flex e-con e-child\" data-id=\"1a3d82ed\" data-element_type=\"container\">\n\t\t\t\t<div class=\"elementor-element elementor-element-33634095 elementor-widget elementor-widget-text-editor\" data-id=\"33634095\" data-element_type=\"widget\" data-widget_type=\"text-editor.default\">\n\t\t\t\t<div class=\"elementor-widget-container\">\n\t\t\t\t\t\t\t\t\t<ul><li>An\u00e1lisis de eficiencia energ\u00e9tica en edificios existentes.<\/li><li>Implementaci\u00f3n de certificaciones como LEED y EDGE.<\/li><li>Integraci\u00f3n de energ\u00edas renovables (paneles solares, sistemas de agua pluvial).<\/li><li>Dise\u00f1o de soluciones de arquitectura bioclim\u00e1tica.<\/li><\/ul>\t\t\t\t\t\t\t\t<\/div>\n\t\t\t\t<\/div>\n\t\t\t\t<\/div>\n\t\t\t\t<\/div>\n\t\t<div class=\"elementor-element elementor-element-5c94e7dc e-con-full e-flex e-con e-child\" data-id=\"5c94e7dc\" data-element_type=\"container\">\n\t\t<div class=\"elementor-element elementor-element-3248a560 e-con-full e-flex e-con e-child\" data-id=\"3248a560\" data-element_type=\"container\">\n\t\t\t\t<div class=\"elementor-element elementor-element-6966964b elementor-widget elementor-widget-heading\" data-id=\"6966964b\" data-element_type=\"widget\" data-widget_type=\"heading.default\">\n\t\t\t\t<div class=\"elementor-widget-container\">\n\t\t\t\t\t<h2 class=\"elementor-heading-title elementor-size-default\">Ingenier\u00eda Estructural<\/h2>\t\t\t\t<\/div>\n\t\t\t\t<\/div>\n\t\t\t\t<\/div>\n\t\t<div class=\"elementor-element elementor-element-8012191 e-con-full e-flex e-con e-child\" data-id=\"8012191\" data-element_type=\"container\">\n\t\t\t\t<div class=\"elementor-element elementor-element-736d3088 elementor-widget elementor-widget-text-editor\" data-id=\"736d3088\" data-element_type=\"widget\" data-widget_type=\"text-editor.default\">\n\t\t\t\t<div class=\"elementor-widget-container\">\n\t\t\t\t\t\t\t\t\t<ul><li>An\u00e1lisis y dise\u00f1o de estructuras seguras y eficientes.<\/li><li>Revisi\u00f3n y optimizaci\u00f3n de proyectos estructurales.<\/li><li>Evaluaciones estructurales post-construcci\u00f3n para mantenimiento preventivo.<\/li><\/ul>\t\t\t\t\t\t\t\t<\/div>\n\t\t\t\t<\/div>\n\t\t\t\t<\/div>\n\t\t\t\t<\/div>\n\t\t<div class=\"elementor-element elementor-element-c491778 e-con-full e-flex e-con e-child\" data-id=\"c491778\" data-element_type=\"container\">\n\t\t<div class=\"elementor-element elementor-element-121657c1 e-con-full e-flex e-con e-child\" data-id=\"121657c1\" data-element_type=\"container\">\n\t\t\t\t<div class=\"elementor-element elementor-element-143fb41b elementor-widget elementor-widget-heading\" data-id=\"143fb41b\" data-element_type=\"widget\" data-widget_type=\"heading.default\">\n\t\t\t\t<div class=\"elementor-widget-container\">\n\t\t\t\t\t<h2 class=\"elementor-heading-title elementor-size-default\">Costos y Presupuestos<\/h2>\t\t\t\t<\/div>\n\t\t\t\t<\/div>\n\t\t\t\t<\/div>\n\t\t<div class=\"elementor-element elementor-element-5fa85b9 e-con-full e-flex e-con e-child\" data-id=\"5fa85b9\" data-element_type=\"container\">\n\t\t\t\t<div class=\"elementor-element elementor-element-3e087694 elementor-widget elementor-widget-text-editor\" data-id=\"3e087694\" data-element_type=\"widget\" data-widget_type=\"text-editor.default\">\n\t\t\t\t<div class=\"elementor-widget-container\">\n\t\t\t\t\t\t\t\t\t<ul><li>Elaboraci\u00f3n de presupuestos detallados para proyectos arquitect\u00f3nicos y de construcci\u00f3n.<\/li><li>An\u00e1lisis de costos y control financiero de obras.<\/li><li>Estudios de viabilidad econ\u00f3mica para nuevos desarrollos.<\/li><\/ul>\t\t\t\t\t\t\t\t<\/div>\n\t\t\t\t<\/div>\n\t\t\t\t<\/div>\n\t\t\t\t<\/div>\n\t\t<div class=\"elementor-element elementor-element-66cb8dba e-con-full e-flex e-con e-child\" data-id=\"66cb8dba\" data-element_type=\"container\">\n\t\t<div class=\"elementor-element elementor-element-7730031b e-con-full e-flex e-con e-child\" data-id=\"7730031b\" data-element_type=\"container\">\n\t\t\t\t<div class=\"elementor-element elementor-element-67086cb0 elementor-widget elementor-widget-heading\" data-id=\"67086cb0\" data-element_type=\"widget\" data-widget_type=\"heading.default\">\n\t\t\t\t<div class=\"elementor-widget-container\">\n\t\t\t\t\t<h2 class=\"elementor-heading-title elementor-size-default\">Normatividad y Licencias<\/h2>\t\t\t\t<\/div>\n\t\t\t\t<\/div>\n\t\t\t\t<\/div>\n\t\t<div class=\"elementor-element elementor-element-14c06727 e-con-full e-flex e-con e-child\" data-id=\"14c06727\" data-element_type=\"container\">\n\t\t\t\t<div class=\"elementor-element elementor-element-c8a510f elementor-widget elementor-widget-text-editor\" data-id=\"c8a510f\" data-element_type=\"widget\" data-widget_type=\"text-editor.default\">\n\t\t\t\t<div class=\"elementor-widget-container\">\n\t\t\t\t\t\t\t\t\t<ul><li>Asesor\u00eda en permisos de construcci\u00f3n y regulaciones locales.<\/li><li>Gesti\u00f3n de licencias ambientales y de uso del suelo.<\/li><li>Auditor\u00eda de cumplimiento normativo en proyectos arquitect\u00f3nicos e ingenieriles.<\/li><\/ul>\t\t\t\t\t\t\t\t<\/div>\n\t\t\t\t<\/div>\n\t\t\t\t<\/div>\n\t\t\t\t<\/div>\n\t\t<div class=\"elementor-element elementor-element-6a4c0d04 e-con-full e-flex e-con e-child\" data-id=\"6a4c0d04\" data-element_type=\"container\">\n\t\t<div class=\"elementor-element elementor-element-35c0a93e e-con-full e-flex e-con e-child\" data-id=\"35c0a93e\" data-element_type=\"container\">\n\t\t\t\t<div class=\"elementor-element elementor-element-23d365d8 elementor-widget elementor-widget-heading\" data-id=\"23d365d8\" data-element_type=\"widget\" data-widget_type=\"heading.default\">\n\t\t\t\t<div class=\"elementor-widget-container\">\n\t\t\t\t\t<h2 class=\"elementor-heading-title elementor-size-default\">Digital y Tecnolog\u00eda BIM<\/h2>\t\t\t\t<\/div>\n\t\t\t\t<\/div>\n\t\t\t\t<\/div>\n\t\t<div class=\"elementor-element elementor-element-1d6422bc e-con-full e-flex e-con e-child\" data-id=\"1d6422bc\" data-element_type=\"container\">\n\t\t\t\t<div class=\"elementor-element elementor-element-48907993 elementor-widget elementor-widget-text-editor\" data-id=\"48907993\" data-element_type=\"widget\" data-widget_type=\"text-editor.default\">\n\t\t\t\t<div class=\"elementor-widget-container\">\n\t\t\t\t\t\t\t\t\t<ul><li>Implementaci\u00f3n de tecnolog\u00eda BIM (Building Information Modeling) para optimizaci\u00f3n de proyectos.<\/li><li>Modelado 3D y simulaciones de dise\u00f1o.<\/li><li>Asesoramiento en tecnolog\u00edas para la construcci\u00f3n inteligente.<\/li><\/ul>\t\t\t\t\t\t\t\t<\/div>\n\t\t\t\t<\/div>\n\t\t\t\t<\/div>\n\t\t\t\t<\/div>\n\t\t<div class=\"elementor-element elementor-element-e2dd94f e-con-full e-flex e-con e-child\" data-id=\"e2dd94f\" data-element_type=\"container\">\n\t\t<div class=\"elementor-element elementor-element-5e9a32d e-con-full e-flex e-con e-child\" data-id=\"5e9a32d\" data-element_type=\"container\">\n\t\t\t\t<div class=\"elementor-element elementor-element-69b067a elementor-widget elementor-widget-heading\" data-id=\"69b067a\" data-element_type=\"widget\" data-widget_type=\"heading.default\">\n\t\t\t\t<div class=\"elementor-widget-container\">\n\t\t\t\t\t<h2 class=\"elementor-heading-title elementor-size-default\">Restauraci\u00f3n y Conservaci\u00f3n<\/h2>\t\t\t\t<\/div>\n\t\t\t\t<\/div>\n\t\t\t\t<\/div>\n\t\t<div class=\"elementor-element elementor-element-d645f5c e-con-full e-flex e-con e-child\" data-id=\"d645f5c\" data-element_type=\"container\">\n\t\t\t\t<div class=\"elementor-element elementor-element-bbac7e0 elementor-widget elementor-widget-text-editor\" data-id=\"bbac7e0\" data-element_type=\"widget\" data-widget_type=\"text-editor.default\">\n\t\t\t\t<div class=\"elementor-widget-container\">\n\t\t\t\t\t\t\t\t\t<ul><li>Diagn\u00f3stico y planes para la restauraci\u00f3n de bienes patrimoniales.<\/li><li>Integraci\u00f3n de t\u00e9cnicas modernas en la preservaci\u00f3n de estructuras hist\u00f3ricas.<\/li><li>Rehabilitaci\u00f3n de edificios antiguos para usos contempor\u00e1neos.<\/li><\/ul>\t\t\t\t\t\t\t\t<\/div>\n\t\t\t\t<\/div>\n\t\t\t\t<\/div>\n\t\t\t\t<\/div>\n\t\t<div class=\"elementor-element elementor-element-2ac27fa e-con-full e-flex e-con e-child\" data-id=\"2ac27fa\" data-element_type=\"container\">\n\t\t<div class=\"elementor-element elementor-element-0f0bbec e-con-full e-flex e-con e-child\" data-id=\"0f0bbec\" data-element_type=\"container\">\n\t\t\t\t<div class=\"elementor-element elementor-element-f69c0fa elementor-widget elementor-widget-heading\" data-id=\"f69c0fa\" data-element_type=\"widget\" data-widget_type=\"heading.default\">\n\t\t\t\t<div class=\"elementor-widget-container\">\n\t\t\t\t\t<h2 class=\"elementor-heading-title elementor-size-default\">Gesti\u00f3n de Riesgos y Seguridad<\/h2>\t\t\t\t<\/div>\n\t\t\t\t<\/div>\n\t\t\t\t<\/div>\n\t\t<div class=\"elementor-element elementor-element-99913cc e-con-full e-flex e-con e-child\" data-id=\"99913cc\" data-element_type=\"container\">\n\t\t\t\t<div class=\"elementor-element elementor-element-b2fd7fb elementor-widget elementor-widget-text-editor\" data-id=\"b2fd7fb\" data-element_type=\"widget\" data-widget_type=\"text-editor.default\">\n\t\t\t\t<div class=\"elementor-widget-container\">\n\t\t\t\t\t\t\t\t\t<ul><li>Estudios de mitigaci\u00f3n de riesgos en proyectos de construcci\u00f3n.<\/li><li>Dise\u00f1o de planes de evacuaci\u00f3n y seguridad estructural.<\/li><li>Evaluaci\u00f3n de vulnerabilidad s\u00edsmica.<\/li><\/ul>\t\t\t\t\t\t\t\t<\/div>\n\t\t\t\t<\/div>\n\t\t\t\t<\/div>\n\t\t\t\t<\/div>\n\t\t<div class=\"elementor-element elementor-element-a85ecb0 e-con-full e-flex e-con e-child\" data-id=\"a85ecb0\" data-element_type=\"container\">\n\t\t<div class=\"elementor-element elementor-element-e87b8bb e-con-full e-flex e-con e-child\" data-id=\"e87b8bb\" data-element_type=\"container\">\n\t\t\t\t<div class=\"elementor-element elementor-element-ad8b4fd elementor-widget elementor-widget-heading\" data-id=\"ad8b4fd\" data-element_type=\"widget\" data-widget_type=\"heading.default\">\n\t\t\t\t<div class=\"elementor-widget-container\">\n\t\t\t\t\t<h2 class=\"elementor-heading-title elementor-size-default\">Paisajismo y Espacios Verdes<\/h2>\t\t\t\t<\/div>\n\t\t\t\t<\/div>\n\t\t\t\t<\/div>\n\t\t<div class=\"elementor-element elementor-element-ac805dd e-con-full e-flex e-con e-child\" data-id=\"ac805dd\" data-element_type=\"container\">\n\t\t\t\t<div class=\"elementor-element elementor-element-7c0e64f elementor-widget elementor-widget-text-editor\" data-id=\"7c0e64f\" data-element_type=\"widget\" data-widget_type=\"text-editor.default\">\n\t\t\t\t<div class=\"elementor-widget-container\">\n\t\t\t\t\t\t\t\t\t<ul><li>Dise\u00f1o de jardines y espacios exteriores sostenibles.<\/li><li>Integraci\u00f3n de elementos naturales en proyectos urbanos.<\/li><li>Asesor\u00eda en la creaci\u00f3n de parques y \u00e1reas recreativas.<\/li><\/ul>\t\t\t\t\t\t\t\t<\/div>\n\t\t\t\t<\/div>\n\t\t\t\t<\/div>\n\t\t\t\t<\/div>\n\t\t<div class=\"elementor-element elementor-element-2f6a29e e-con-full e-flex e-con e-child\" data-id=\"2f6a29e\" data-element_type=\"container\">\n\t\t<div class=\"elementor-element elementor-element-17e3cb3 e-con-full e-flex e-con e-child\" data-id=\"17e3cb3\" data-element_type=\"container\">\n\t\t\t\t<div class=\"elementor-element elementor-element-359d641 elementor-widget elementor-widget-heading\" data-id=\"359d641\" data-element_type=\"widget\" data-widget_type=\"heading.default\">\n\t\t\t\t<div class=\"elementor-widget-container\">\n\t\t\t\t\t<h2 class=\"elementor-heading-title elementor-size-default\">Proyectos Comerciales y Retail<\/h2>\t\t\t\t<\/div>\n\t\t\t\t<\/div>\n\t\t\t\t<\/div>\n\t\t<div class=\"elementor-element elementor-element-cd77e7d e-con-full e-flex e-con e-child\" data-id=\"cd77e7d\" data-element_type=\"container\">\n\t\t\t\t<div class=\"elementor-element elementor-element-a147a0b elementor-widget elementor-widget-text-editor\" data-id=\"a147a0b\" data-element_type=\"widget\" data-widget_type=\"text-editor.default\">\n\t\t\t\t<div class=\"elementor-widget-container\">\n\t\t\t\t\t\t\t\t\t<ul><li>Optimizaci\u00f3n de espacios comerciales para maximizar la funcionalidad y la experiencia del cliente.<\/li><li>Dise\u00f1o de conceptos arquitect\u00f3nicos enfocados en marcas y estrategias de mercado.<\/li><li>Asesoramiento en renovaci\u00f3n de locales comerciales.<\/li><\/ul>\t\t\t\t\t\t\t\t<\/div>\n\t\t\t\t<\/div>\n\t\t\t\t<\/div>\n\t\t\t\t<\/div>\n\t\t\t\t\t<\/div>\n\t\t\t\t<\/div>\n\t\t<div class=\"elementor-element elementor-element-328bab7 e-flex e-con-boxed e-con e-parent\" data-id=\"328bab7\" data-element_type=\"container\">\n\t\t\t\t\t<div class=\"e-con-inner\">\n\t\t\t\t<div class=\"elementor-element elementor-element-550bb5d3 elementor-widget elementor-widget-image\" data-id=\"550bb5d3\" data-element_type=\"widget\" data-widget_type=\"image.default\">\n\t\t\t\t<div class=\"elementor-widget-container\">\n\t\t\t\t\t\t\t\t\t\t\t\t\t\t\t<img decoding=\"async\" width=\"1600\" height=\"900\" src=\"https:\/\/tawadaarchitects.com\/wp-content\/uploads\/2025\/02\/residential-project-008-Tawada.jpg\" class=\"attachment-full size-full wp-image-327\" alt=\"\" srcset=\"https:\/\/tawadaarchitects.com\/wp-content\/uploads\/2025\/02\/residential-project-008-Tawada.jpg 1600w, https:\/\/tawadaarchitects.com\/wp-content\/uploads\/2025\/02\/residential-project-008-Tawada-300x169.jpg 300w, https:\/\/tawadaarchitects.com\/wp-content\/uploads\/2025\/02\/residential-project-008-Tawada-1024x576.jpg 1024w, https:\/\/tawadaarchitects.com\/wp-content\/uploads\/2025\/02\/residential-project-008-Tawada-768x432.jpg 768w, https:\/\/tawadaarchitects.com\/wp-content\/uploads\/2025\/02\/residential-project-008-Tawada-1536x864.jpg 1536w\" sizes=\"(max-width: 1600px) 100vw, 1600px\" \/>\t\t\t\t\t\t\t\t\t\t\t\t\t\t\t<\/div>\n\t\t\t\t<\/div>\n\t\t<div class=\"elementor-element elementor-element-35777d52 e-con-full e-flex e-con e-child\" data-id=\"35777d52\" data-element_type=\"container\">\n\t\t\t\t<div class=\"elementor-element elementor-element-3db7aad2 elementor-widget elementor-widget-heading\" data-id=\"3db7aad2\" data-element_type=\"widget\" data-widget_type=\"heading.default\">\n\t\t\t\t<div class=\"elementor-widget-container\">\n\t\t\t\t\t<h2 class=\"elementor-heading-title elementor-size-default\">Soluciones a la medida de tu proyecto<\/h2>\t\t\t\t<\/div>\n\t\t\t\t<\/div>\n\t\t\t\t<div class=\"elementor-element elementor-element-790d2699 elementor-widget elementor-widget-text-editor\" data-id=\"790d2699\" data-element_type=\"widget\" data-widget_type=\"text-editor.default\">\n\t\t\t\t<div class=\"elementor-widget-container\">\n\t\t\t\t\t\t\t\t\t<p>Explora nuestra gama de soluciones dise\u00f1adas para generar un impacto real y positivo en tu proyecto.<\/p>\t\t\t\t\t\t\t\t<\/div>\n\t\t\t\t<\/div>\n\t\t\t\t<div class=\"elementor-element elementor-element-780fb53c elementor-align-center elementor-widget elementor-widget-button\" data-id=\"780fb53c\" data-element_type=\"widget\" data-widget_type=\"button.default\">\n\t\t\t\t<div class=\"elementor-widget-container\">\n\t\t\t\t\t\t\t\t\t<div class=\"elementor-button-wrapper\">\n\t\t\t\t\t<a class=\"elementor-button elementor-button-link elementor-size-sm\" href=\"https:\/\/tawadaarchitects.com\/index.php\/soluciones\/\">\n\t\t\t\t\t\t<span class=\"elementor-button-content-wrapper\">\n\t\t\t\t\t\t\t\t\t<span class=\"elementor-button-text\">Ver soluciones<\/span>\n\t\t\t\t\t<\/span>\n\t\t\t\t\t<\/a>\n\t\t\t\t<\/div>\n\t\t\t\t\t\t\t\t<\/div>\n\t\t\t\t<\/div>\n\t\t\t\t<\/div>\n\t\t\t\t\t<\/div>\n\t\t\t\t<\/div>\n\t\t<div class=\"elementor-element elementor-element-7133c94c e-flex e-con-boxed e-con e-parent\" data-id=\"7133c94c\" data-element_type=\"container\" data-settings=\"{&quot;background_background&quot;:&quot;classic&quot;}\">\n\t\t\t\t\t<div class=\"e-con-inner\">\n\t\t<div class=\"elementor-element elementor-element-5f646ae1 e-con-full e-flex e-con e-child\" data-id=\"5f646ae1\" data-element_type=\"container\">\n\t\t\t\t<div class=\"elementor-element elementor-element-aa86d0c elementor-widget elementor-widget-heading\" data-id=\"aa86d0c\" data-element_type=\"widget\" data-widget_type=\"heading.default\">\n\t\t\t\t<div class=\"elementor-widget-container\">\n\t\t\t\t\t<h2 class=\"elementor-heading-title elementor-size-default\">Consultor\u00eda experta para decisiones acertadas<\/h2>\t\t\t\t<\/div>\n\t\t\t\t<\/div>\n\t\t\t\t<div class=\"elementor-element elementor-element-cd67f71 elementor-widget elementor-widget-text-editor\" data-id=\"cd67f71\" data-element_type=\"widget\" data-widget_type=\"text-editor.default\">\n\t\t\t\t<div class=\"elementor-widget-container\">\n\t\t\t\t\t\t\t\t\t<p>Accede a nuestro conocimiento especializado y eleva el potencial de tu proyecto con asesor\u00eda de alto nivel.<\/p>\t\t\t\t\t\t\t\t<\/div>\n\t\t\t\t<\/div>\n\t\t\t\t<\/div>\n\t\t<div class=\"elementor-element elementor-element-4a4a4d97 e-con-full e-flex e-con e-child\" data-id=\"4a4a4d97\" data-element_type=\"container\">\n\t\t\t\t<div class=\"elementor-element elementor-element-6e75a120 elementor-widget elementor-widget-button\" data-id=\"6e75a120\" data-element_type=\"widget\" data-widget_type=\"button.default\">\n\t\t\t\t<div class=\"elementor-widget-container\">\n\t\t\t\t\t\t\t\t\t<div class=\"elementor-button-wrapper\">\n\t\t\t\t\t<a class=\"elementor-button elementor-button-link elementor-size-sm\" href=\"https:\/\/tawadaarchitects.com\/index.php\/contactanos\/\">\n\t\t\t\t\t\t<span class=\"elementor-button-content-wrapper\">\n\t\t\t\t\t\t\t\t\t<span class=\"elementor-button-text\">Cont\u00e1ctanos<\/span>\n\t\t\t\t\t<\/span>\n\t\t\t\t\t<\/a>\n\t\t\t\t<\/div>\n\t\t\t\t\t\t\t\t<\/div>\n\t\t\t\t<\/div>\n\t\t\t\t<\/div>\n\t\t\t\t\t<\/div>\n\t\t\t\t<\/div>\n\t\t\t\t<\/div>\n\t\t","protected":false},"excerpt":{"rendered":"<p>Consultor\u00edas especializadas Ofrecemos un portafolio integral de consultor\u00edas dise\u00f1adas para optimizar cada fase de tu proyecto. Con especializaci\u00f3n en \u00e1reas clave como desarrollo urbano, sostenibilidad, ingenier\u00eda estructural y dise\u00f1o digital, nuestra experiencia multidisciplinaria abarca desde la gesti\u00f3n de costos y normatividad hasta la restauraci\u00f3n y el paisajismo. Adem\u00e1s, contamos con consultor\u00edas especializadas en la seguridad, [&hellip;]<\/p>\n","protected":false},"author":1,"featured_media":0,"parent":0,"menu_order":0,"comment_status":"closed","ping_status":"closed","template":"elementor_header_footer","meta":{"_acf_changed":false,"footnotes":""},"class_list":["post-31","page","type-page","status-publish","hentry"],"acf":[],"aioseo_notices":[],"_links":{"self":[{"href":"https:\/\/tawadaarchitects.com\/index.php\/wp-json\/wp\/v2\/pages\/31","targetHints":{"allow":["GET"]}}],"collection":[{"href":"https:\/\/tawadaarchitects.com\/index.php\/wp-json\/wp\/v2\/pages"}],"about":[{"href":"https:\/\/tawadaarchitects.com\/index.php\/wp-json\/wp\/v2\/types\/page"}],"author":[{"embeddable":true,"href":"https:\/\/tawadaarchitects.com\/index.php\/wp-json\/wp\/v2\/users\/1"}],"replies":[{"embeddable":true,"href":"https:\/\/tawadaarchitects.com\/index.php\/wp-json\/wp\/v2\/comments?post=31"}],"version-history":[{"count":10,"href":"https:\/\/tawadaarchitects.com\/index.php\/wp-json\/wp\/v2\/pages\/31\/revisions"}],"predecessor-version":[{"id":330,"href":"https:\/\/tawadaarchitects.com\/index.php\/wp-json\/wp\/v2\/pages\/31\/revisions\/330"}],"wp:attachment":[{"href":"https:\/\/tawadaarchitects.com\/index.php\/wp-json\/wp\/v2\/media?parent=31"}],"curies":[{"name":"wp","href":"https:\/\/api.w.org\/{rel}","templated":true}]}}