{"id":29,"date":"2025-01-29T00:54:32","date_gmt":"2025-01-29T00:54:32","guid":{"rendered":"https:\/\/tawadaarchitects.com\/?page_id=29"},"modified":"2025-02-04T00:18:54","modified_gmt":"2025-02-04T00:18:54","slug":"soluciones","status":"publish","type":"page","link":"https:\/\/tawadaarchitects.com\/index.php\/soluciones\/","title":{"rendered":"Soluciones"},"content":{"rendered":"\t\t<div data-elementor-type=\"wp-page\" data-elementor-id=\"29\" class=\"elementor elementor-29\" data-elementor-post-type=\"page\">\n\t\t\t\t<div class=\"elementor-element elementor-element-49820fd4 e-flex e-con-boxed e-con e-parent\" data-id=\"49820fd4\" data-element_type=\"container\">\n\t\t\t\t\t<div class=\"e-con-inner\">\n\t\t<div class=\"elementor-element elementor-element-3afa357e e-con-full e-flex e-con e-child\" data-id=\"3afa357e\" data-element_type=\"container\">\n\t\t\t\t<div class=\"elementor-element elementor-element-20a0d0c3 elementor-widget elementor-widget-image\" data-id=\"20a0d0c3\" data-element_type=\"widget\" data-widget_type=\"image.default\">\n\t\t\t\t<div class=\"elementor-widget-container\">\n\t\t\t\t\t\t\t\t\t\t\t\t\t\t\t<img fetchpriority=\"high\" decoding=\"async\" width=\"1600\" height=\"1200\" src=\"https:\/\/tawadaarchitects.com\/wp-content\/uploads\/2025\/02\/residential-project-001.jpg\" class=\"attachment-full size-full wp-image-321\" alt=\"\" srcset=\"https:\/\/tawadaarchitects.com\/wp-content\/uploads\/2025\/02\/residential-project-001.jpg 1600w, https:\/\/tawadaarchitects.com\/wp-content\/uploads\/2025\/02\/residential-project-001-300x225.jpg 300w, https:\/\/tawadaarchitects.com\/wp-content\/uploads\/2025\/02\/residential-project-001-1024x768.jpg 1024w, https:\/\/tawadaarchitects.com\/wp-content\/uploads\/2025\/02\/residential-project-001-768x576.jpg 768w, https:\/\/tawadaarchitects.com\/wp-content\/uploads\/2025\/02\/residential-project-001-1536x1152.jpg 1536w\" sizes=\"(max-width: 1600px) 100vw, 1600px\" \/>\t\t\t\t\t\t\t\t\t\t\t\t\t\t\t<\/div>\n\t\t\t\t<\/div>\n\t\t\t\t<\/div>\n\t\t<div class=\"elementor-element elementor-element-45d8561b e-con-full e-flex e-con e-child\" data-id=\"45d8561b\" data-element_type=\"container\">\n\t\t<div class=\"elementor-element elementor-element-7f4799a6 e-con-full e-flex e-con e-child\" data-id=\"7f4799a6\" data-element_type=\"container\">\n\t\t\t\t<div class=\"elementor-element elementor-element-6400691f elementor-widget elementor-widget-heading\" data-id=\"6400691f\" data-element_type=\"widget\" data-widget_type=\"heading.default\">\n\t\t\t\t<div class=\"elementor-widget-container\">\n\t\t\t\t\t<h2 class=\"elementor-heading-title elementor-size-default\">Nuestras soluciones<\/h2>\t\t\t\t<\/div>\n\t\t\t\t<\/div>\n\t\t\t\t<div class=\"elementor-element elementor-element-47449b6c elementor-widget elementor-widget-text-editor\" data-id=\"47449b6c\" data-element_type=\"widget\" data-widget_type=\"text-editor.default\">\n\t\t\t\t<div class=\"elementor-widget-container\">\n\t\t\t\t\t\t\t\t\t<p>En Colombia, nuestra experiencia internacional y enfoque multidisciplinario nos permiten ofrecer soluciones integrales en arquitectura e ingenier\u00eda. Transformamos ideas en proyectos que cumplen con los m\u00e1s altos est\u00e1ndares t\u00e9cnicos, est\u00e9ticos y normativos, generando un impacto positivo en las comunidades.<\/p><p>Nuestro trabajo ha sido reconocido por el Senado de la Rep\u00fablica de Colombia, destacando nuestra credibilidad, profesionalismo y aporte al desarrollo del sector.<\/p>\t\t\t\t\t\t\t\t<\/div>\n\t\t\t\t<\/div>\n\t\t\t\t<\/div>\n\t\t\t\t<div class=\"elementor-element elementor-element-228931c8 elementor-widget elementor-widget-button\" data-id=\"228931c8\" data-element_type=\"widget\" data-widget_type=\"button.default\">\n\t\t\t\t<div class=\"elementor-widget-container\">\n\t\t\t\t\t\t\t\t\t<div class=\"elementor-button-wrapper\">\n\t\t\t\t\t<a class=\"elementor-button elementor-button-link elementor-size-sm\" href=\"#\">\n\t\t\t\t\t\t<span class=\"elementor-button-content-wrapper\">\n\t\t\t\t\t\t\t\t\t<span class=\"elementor-button-text\">Cont\u00e1ctanos<\/span>\n\t\t\t\t\t<\/span>\n\t\t\t\t\t<\/a>\n\t\t\t\t<\/div>\n\t\t\t\t\t\t\t\t<\/div>\n\t\t\t\t<\/div>\n\t\t\t\t<\/div>\n\t\t\t\t\t<\/div>\n\t\t\t\t<\/div>\n\t\t<div class=\"elementor-element elementor-element-1b34e87d e-flex e-con-boxed e-con e-parent\" data-id=\"1b34e87d\" data-element_type=\"container\">\n\t\t\t\t\t<div class=\"e-con-inner\">\n\t\t<div class=\"elementor-element elementor-element-34ce0ed7 e-con-full e-flex e-con e-child\" data-id=\"34ce0ed7\" data-element_type=\"container\" data-settings=\"{&quot;background_background&quot;:&quot;classic&quot;}\">\n\t\t<div class=\"elementor-element elementor-element-3f2fddc e-con-full e-flex e-con e-child\" data-id=\"3f2fddc\" data-element_type=\"container\">\n\t\t\t\t<div class=\"elementor-element elementor-element-452f57af elementor-widget elementor-widget-heading\" data-id=\"452f57af\" data-element_type=\"widget\" data-widget_type=\"heading.default\">\n\t\t\t\t<div class=\"elementor-widget-container\">\n\t\t\t\t\t<h2 class=\"elementor-heading-title elementor-size-default\">Reconocimiento en Arquitectura y Construcci\u00f3n<\/h2>\t\t\t\t<\/div>\n\t\t\t\t<\/div>\n\t\t\t\t<\/div>\n\t\t<div class=\"elementor-element elementor-element-7ad624eb e-con-full e-flex e-con e-child\" data-id=\"7ad624eb\" data-element_type=\"container\">\n\t\t\t\t<div class=\"elementor-element elementor-element-7b2e5230 elementor-widget elementor-widget-text-editor\" data-id=\"7b2e5230\" data-element_type=\"widget\" data-widget_type=\"text-editor.default\">\n\t\t\t\t<div class=\"elementor-widget-container\">\n\t\t\t\t\t\t\t\t\t<p>Nuestra trayectoria ha sido reconocida en diversos medios, destacando nuestra contribuci\u00f3n al crecimiento de la arquitectura y la construcci\u00f3n en Colombia. Tambi\u00e9n hemos sido presentados en la revista ALARIFE, que resalta nuestros proyectos y nuestra visi\u00f3n vanguardista, centrada en la innovaci\u00f3n y la sostenibilidad.<\/p><p>Adem\u00e1s, contamos con un libro publicado por la Universidad Piloto de Colombia, utilizado como referencia acad\u00e9mica en las principales universidades en arquitectura e ingenier\u00eda civil.<\/p>\t\t\t\t\t\t\t\t<\/div>\n\t\t\t\t<\/div>\n\t\t\t\t<\/div>\n\t\t\t\t<\/div>\n\t\t\t\t\t<\/div>\n\t\t\t\t<\/div>\n\t\t<div class=\"elementor-element elementor-element-6aabe28f e-flex e-con-boxed e-con e-parent\" data-id=\"6aabe28f\" data-element_type=\"container\">\n\t\t\t\t\t<div class=\"e-con-inner\">\n\t\t\t\t<div class=\"elementor-element elementor-element-554d340d elementor-widget elementor-widget-image\" data-id=\"554d340d\" data-element_type=\"widget\" data-widget_type=\"image.default\">\n\t\t\t\t<div class=\"elementor-widget-container\">\n\t\t\t\t\t\t\t\t\t\t\t\t\t\t\t<img decoding=\"async\" width=\"345\" height=\"345\" src=\"https:\/\/tawadaarchitects.com\/wp-content\/uploads\/2025\/01\/elipse.svg\" class=\"attachment-full size-full wp-image-83\" alt=\"\" \/>\t\t\t\t\t\t\t\t\t\t\t\t\t\t\t<\/div>\n\t\t\t\t<\/div>\n\t\t\t\t\t<\/div>\n\t\t\t\t<\/div>\n\t\t<div class=\"elementor-element elementor-element-7e569de6 e-flex e-con-boxed e-con e-parent\" data-id=\"7e569de6\" data-element_type=\"container\">\n\t\t\t\t\t<div class=\"e-con-inner\">\n\t\t\t\t<div class=\"elementor-element elementor-element-993ea4 elementor-widget elementor-widget-heading\" data-id=\"993ea4\" data-element_type=\"widget\" data-widget_type=\"heading.default\">\n\t\t\t\t<div class=\"elementor-widget-container\">\n\t\t\t\t\t<h2 class=\"elementor-heading-title elementor-size-default\">Portafolio de soluciones<\/h2>\t\t\t\t<\/div>\n\t\t\t\t<\/div>\n\t\t\t\t\t<\/div>\n\t\t\t\t<\/div>\n\t\t<div class=\"elementor-element elementor-element-749ebeb1 e-flex e-con-boxed e-con e-parent\" data-id=\"749ebeb1\" data-element_type=\"container\">\n\t\t\t\t\t<div class=\"e-con-inner\">\n\t\t<div class=\"elementor-element elementor-element-44cff4b3 e-con-full e-flex e-con e-child\" data-id=\"44cff4b3\" data-element_type=\"container\">\n\t\t<div class=\"elementor-element elementor-element-1556fd90 e-con-full e-flex e-con e-child\" data-id=\"1556fd90\" data-element_type=\"container\">\n\t\t\t\t<div class=\"elementor-element elementor-element-339b2c26 elementor-widget elementor-widget-heading\" data-id=\"339b2c26\" data-element_type=\"widget\" data-widget_type=\"heading.default\">\n\t\t\t\t<div class=\"elementor-widget-container\">\n\t\t\t\t\t<h2 class=\"elementor-heading-title elementor-size-default\">Dise\u00f1o y planificaci\u00f3n arquitect\u00f3nica<\/h2>\t\t\t\t<\/div>\n\t\t\t\t<\/div>\n\t\t\t\t<\/div>\n\t\t<div class=\"elementor-element elementor-element-2901441b e-con-full e-flex e-con e-child\" data-id=\"2901441b\" data-element_type=\"container\">\n\t\t\t\t<div class=\"elementor-element elementor-element-79e2c343 elementor-widget elementor-widget-text-editor\" data-id=\"79e2c343\" data-element_type=\"widget\" data-widget_type=\"text-editor.default\">\n\t\t\t\t<div class=\"elementor-widget-container\">\n\t\t\t\t\t\t\t\t\t<p>Proyectos residenciales, comerciales e institucionales con enfoque en innovaci\u00f3n y sostenibilidad.<\/p>\t\t\t\t\t\t\t\t<\/div>\n\t\t\t\t<\/div>\n\t\t\t\t<\/div>\n\t\t\t\t<\/div>\n\t\t<div class=\"elementor-element elementor-element-97ec60a e-con-full e-flex e-con e-child\" data-id=\"97ec60a\" data-element_type=\"container\">\n\t\t<div class=\"elementor-element elementor-element-8e4d74b e-con-full e-flex e-con e-child\" data-id=\"8e4d74b\" data-element_type=\"container\">\n\t\t\t\t<div class=\"elementor-element elementor-element-633b7afc elementor-widget elementor-widget-heading\" data-id=\"633b7afc\" data-element_type=\"widget\" data-widget_type=\"heading.default\">\n\t\t\t\t<div class=\"elementor-widget-container\">\n\t\t\t\t\t<h2 class=\"elementor-heading-title elementor-size-default\">Consultor\u00eda integral<\/h2>\t\t\t\t<\/div>\n\t\t\t\t<\/div>\n\t\t\t\t<\/div>\n\t\t<div class=\"elementor-element elementor-element-b2dd724 e-con-full e-flex e-con e-child\" data-id=\"b2dd724\" data-element_type=\"container\">\n\t\t\t\t<div class=\"elementor-element elementor-element-74879dbf elementor-widget elementor-widget-text-editor\" data-id=\"74879dbf\" data-element_type=\"widget\" data-widget_type=\"text-editor.default\">\n\t\t\t\t<div class=\"elementor-widget-container\">\n\t\t\t\t\t\t\t\t\t<p>Asesoramiento experto en arquitectura, ingenier\u00eda civil, derecho y sostenibilidad.<\/p>\t\t\t\t\t\t\t\t<\/div>\n\t\t\t\t<\/div>\n\t\t\t\t<\/div>\n\t\t\t\t<\/div>\n\t\t<div class=\"elementor-element elementor-element-4820514 e-con-full e-flex e-con e-child\" data-id=\"4820514\" data-element_type=\"container\">\n\t\t<div class=\"elementor-element elementor-element-24c001a6 e-con-full e-flex e-con e-child\" data-id=\"24c001a6\" data-element_type=\"container\">\n\t\t\t\t<div class=\"elementor-element elementor-element-33d8d211 elementor-widget elementor-widget-heading\" data-id=\"33d8d211\" data-element_type=\"widget\" data-widget_type=\"heading.default\">\n\t\t\t\t<div class=\"elementor-widget-container\">\n\t\t\t\t\t<h2 class=\"elementor-heading-title elementor-size-default\">Supervisi\u00f3n e interventor\u00eda<\/h2>\t\t\t\t<\/div>\n\t\t\t\t<\/div>\n\t\t\t\t<\/div>\n\t\t<div class=\"elementor-element elementor-element-4a1fe7cc e-con-full e-flex e-con e-child\" data-id=\"4a1fe7cc\" data-element_type=\"container\">\n\t\t\t\t<div class=\"elementor-element elementor-element-ceb545c elementor-widget elementor-widget-text-editor\" data-id=\"ceb545c\" data-element_type=\"widget\" data-widget_type=\"text-editor.default\">\n\t\t\t\t<div class=\"elementor-widget-container\">\n\t\t\t\t\t\t\t\t\t<p>Control t\u00e9cnico, normativo y presupuestal para garantizar calidad, seguridad y cumplimiento.<\/p>\t\t\t\t\t\t\t\t<\/div>\n\t\t\t\t<\/div>\n\t\t\t\t<\/div>\n\t\t\t\t<\/div>\n\t\t<div class=\"elementor-element elementor-element-2d263dbf e-con-full e-flex e-con e-child\" data-id=\"2d263dbf\" data-element_type=\"container\">\n\t\t<div class=\"elementor-element elementor-element-5f343788 e-con-full e-flex e-con e-child\" data-id=\"5f343788\" data-element_type=\"container\">\n\t\t\t\t<div class=\"elementor-element elementor-element-7e779d36 elementor-widget elementor-widget-heading\" data-id=\"7e779d36\" data-element_type=\"widget\" data-widget_type=\"heading.default\">\n\t\t\t\t<div class=\"elementor-widget-container\">\n\t\t\t\t\t<h2 class=\"elementor-heading-title elementor-size-default\">Remodelaciones y restauraciones arquitect\u00f3nicas<\/h2>\t\t\t\t<\/div>\n\t\t\t\t<\/div>\n\t\t\t\t<\/div>\n\t\t<div class=\"elementor-element elementor-element-60eb2dfe e-con-full e-flex e-con e-child\" data-id=\"60eb2dfe\" data-element_type=\"container\">\n\t\t\t\t<div class=\"elementor-element elementor-element-f6666c0 elementor-widget elementor-widget-text-editor\" data-id=\"f6666c0\" data-element_type=\"widget\" data-widget_type=\"text-editor.default\">\n\t\t\t\t<div class=\"elementor-widget-container\">\n\t\t\t\t\t\t\t\t\t<p>Adaptaci\u00f3n de espacios a las tendencias contempor\u00e1neas o preservaci\u00f3n de patrimonio cultural.<\/p>\t\t\t\t\t\t\t\t<\/div>\n\t\t\t\t<\/div>\n\t\t\t\t<\/div>\n\t\t\t\t<\/div>\n\t\t<div class=\"elementor-element elementor-element-4c3b15fe e-con-full e-flex e-con e-child\" data-id=\"4c3b15fe\" data-element_type=\"container\">\n\t\t<div class=\"elementor-element elementor-element-66c845d1 e-con-full e-flex e-con e-child\" data-id=\"66c845d1\" data-element_type=\"container\">\n\t\t\t\t<div class=\"elementor-element elementor-element-7cbce99c elementor-widget elementor-widget-heading\" data-id=\"7cbce99c\" data-element_type=\"widget\" data-widget_type=\"heading.default\">\n\t\t\t\t<div class=\"elementor-widget-container\">\n\t\t\t\t\t<h2 class=\"elementor-heading-title elementor-size-default\">Gesti\u00f3n y ejecuci\u00f3n de proyectos<\/h2>\t\t\t\t<\/div>\n\t\t\t\t<\/div>\n\t\t\t\t<\/div>\n\t\t<div class=\"elementor-element elementor-element-39a5a94 e-con-full e-flex e-con e-child\" data-id=\"39a5a94\" data-element_type=\"container\">\n\t\t\t\t<div class=\"elementor-element elementor-element-5c1a70b3 elementor-widget elementor-widget-text-editor\" data-id=\"5c1a70b3\" data-element_type=\"widget\" data-widget_type=\"text-editor.default\">\n\t\t\t\t<div class=\"elementor-widget-container\">\n\t\t\t\t\t\t\t\t\t<p>Coordinaci\u00f3n estrat\u00e9gica de todas las fases, desde la conceptualizaci\u00f3n hasta la entrega final<\/p>\t\t\t\t\t\t\t\t<\/div>\n\t\t\t\t<\/div>\n\t\t\t\t<\/div>\n\t\t\t\t<\/div>\n\t\t<div class=\"elementor-element elementor-element-6668ebaf e-con-full e-flex e-con e-child\" data-id=\"6668ebaf\" data-element_type=\"container\">\n\t\t<div class=\"elementor-element elementor-element-53b57fc4 e-con-full e-flex e-con e-child\" data-id=\"53b57fc4\" data-element_type=\"container\">\n\t\t\t\t<div class=\"elementor-element elementor-element-6a9081db elementor-widget elementor-widget-heading\" data-id=\"6a9081db\" data-element_type=\"widget\" data-widget_type=\"heading.default\">\n\t\t\t\t<div class=\"elementor-widget-container\">\n\t\t\t\t\t<h2 class=\"elementor-heading-title elementor-size-default\">Dise\u00f1o de interiores<\/h2>\t\t\t\t<\/div>\n\t\t\t\t<\/div>\n\t\t\t\t<\/div>\n\t\t<div class=\"elementor-element elementor-element-14468ef1 e-con-full e-flex e-con e-child\" data-id=\"14468ef1\" data-element_type=\"container\">\n\t\t\t\t<div class=\"elementor-element elementor-element-1e857cbf elementor-widget elementor-widget-text-editor\" data-id=\"1e857cbf\" data-element_type=\"widget\" data-widget_type=\"text-editor.default\">\n\t\t\t\t<div class=\"elementor-widget-container\">\n\t\t\t\t\t\t\t\t\t<p>Creaci\u00f3n de ambientes personalizados que optimizan cada espacio y reflejan la visi\u00f3n de nuestros clientes.<\/p>\t\t\t\t\t\t\t\t<\/div>\n\t\t\t\t<\/div>\n\t\t\t\t<\/div>\n\t\t\t\t<\/div>\n\t\t\t\t\t<\/div>\n\t\t\t\t<\/div>\n\t\t<div class=\"elementor-element elementor-element-44367cee e-flex e-con-boxed e-con e-parent\" data-id=\"44367cee\" data-element_type=\"container\">\n\t\t\t\t\t<div class=\"e-con-inner\">\n\t\t\t\t<div class=\"elementor-element elementor-element-59aa9e71 elementor-widget elementor-widget-image\" data-id=\"59aa9e71\" data-element_type=\"widget\" data-widget_type=\"image.default\">\n\t\t\t\t<div class=\"elementor-widget-container\">\n\t\t\t\t\t\t\t\t\t\t\t\t\t\t\t<img decoding=\"async\" width=\"1500\" height=\"500\" src=\"https:\/\/tawadaarchitects.com\/wp-content\/uploads\/2025\/02\/residential-projects-tawada-group.jpg\" class=\"attachment-full size-full wp-image-322\" alt=\"\" srcset=\"https:\/\/tawadaarchitects.com\/wp-content\/uploads\/2025\/02\/residential-projects-tawada-group.jpg 1500w, https:\/\/tawadaarchitects.com\/wp-content\/uploads\/2025\/02\/residential-projects-tawada-group-300x100.jpg 300w, https:\/\/tawadaarchitects.com\/wp-content\/uploads\/2025\/02\/residential-projects-tawada-group-1024x341.jpg 1024w, https:\/\/tawadaarchitects.com\/wp-content\/uploads\/2025\/02\/residential-projects-tawada-group-768x256.jpg 768w\" sizes=\"(max-width: 1500px) 100vw, 1500px\" \/>\t\t\t\t\t\t\t\t\t\t\t\t\t\t\t<\/div>\n\t\t\t\t<\/div>\n\t\t<div class=\"elementor-element elementor-element-5f91655e e-con-full e-flex e-con e-child\" data-id=\"5f91655e\" data-element_type=\"container\">\n\t\t\t\t<div class=\"elementor-element elementor-element-3ac3c942 elementor-widget elementor-widget-heading\" data-id=\"3ac3c942\" data-element_type=\"widget\" data-widget_type=\"heading.default\">\n\t\t\t\t<div class=\"elementor-widget-container\">\n\t\t\t\t\t<h2 class=\"elementor-heading-title elementor-size-default\">\u00bfNecesitas una consultor\u00eda especializada?<\/h2>\t\t\t\t<\/div>\n\t\t\t\t<\/div>\n\t\t\t\t<div class=\"elementor-element elementor-element-3af68cf3 elementor-widget elementor-widget-text-editor\" data-id=\"3af68cf3\" data-element_type=\"widget\" data-widget_type=\"text-editor.default\">\n\t\t\t\t<div class=\"elementor-widget-container\">\n\t\t\t\t\t\t\t\t\t<p>Descubre nuestro portafolio de consultor\u00edas en arquitectura y construcci\u00f3n, dise\u00f1adas para optimizar tu proyecto.<\/p>\t\t\t\t\t\t\t\t<\/div>\n\t\t\t\t<\/div>\n\t\t\t\t<div class=\"elementor-element elementor-element-5efc2366 elementor-align-center elementor-widget elementor-widget-button\" data-id=\"5efc2366\" data-element_type=\"widget\" data-widget_type=\"button.default\">\n\t\t\t\t<div class=\"elementor-widget-container\">\n\t\t\t\t\t\t\t\t\t<div class=\"elementor-button-wrapper\">\n\t\t\t\t\t<a class=\"elementor-button elementor-button-link elementor-size-sm\" href=\"https:\/\/tawadaarchitects.com\/index.php\/consultorias\/\">\n\t\t\t\t\t\t<span class=\"elementor-button-content-wrapper\">\n\t\t\t\t\t\t\t\t\t<span class=\"elementor-button-text\">Ver consultor\u00edas<\/span>\n\t\t\t\t\t<\/span>\n\t\t\t\t\t<\/a>\n\t\t\t\t<\/div>\n\t\t\t\t\t\t\t\t<\/div>\n\t\t\t\t<\/div>\n\t\t\t\t<\/div>\n\t\t\t\t\t<\/div>\n\t\t\t\t<\/div>\n\t\t<div class=\"elementor-element elementor-element-92f4c09 e-flex e-con-boxed e-con e-parent\" data-id=\"92f4c09\" data-element_type=\"container\" data-settings=\"{&quot;background_background&quot;:&quot;classic&quot;}\">\n\t\t\t\t\t<div class=\"e-con-inner\">\n\t\t<div class=\"elementor-element elementor-element-5283205c e-con-full e-flex e-con e-child\" data-id=\"5283205c\" data-element_type=\"container\">\n\t\t\t\t<div class=\"elementor-element elementor-element-fc463a3 elementor-widget elementor-widget-heading\" data-id=\"fc463a3\" data-element_type=\"widget\" data-widget_type=\"heading.default\">\n\t\t\t\t<div class=\"elementor-widget-container\">\n\t\t\t\t\t<h2 class=\"elementor-heading-title elementor-size-default\">Impulsa tu proyecto con precisi\u00f3n y excelencia<\/h2>\t\t\t\t<\/div>\n\t\t\t\t<\/div>\n\t\t\t\t<div class=\"elementor-element elementor-element-7e8707b7 elementor-widget elementor-widget-text-editor\" data-id=\"7e8707b7\" data-element_type=\"widget\" data-widget_type=\"text-editor.default\">\n\t\t\t\t<div class=\"elementor-widget-container\">\n\t\t\t\t\t\t\t\t\t<p>Descubre c\u00f3mo nuestra experiencia en dise\u00f1o y construcci\u00f3n puede optimizar cada detalle de tu inversi\u00f3n.<\/p>\t\t\t\t\t\t\t\t<\/div>\n\t\t\t\t<\/div>\n\t\t\t\t<\/div>\n\t\t<div class=\"elementor-element elementor-element-15aad000 e-con-full e-flex e-con e-child\" data-id=\"15aad000\" data-element_type=\"container\">\n\t\t\t\t<div class=\"elementor-element elementor-element-2601043b elementor-widget elementor-widget-button\" data-id=\"2601043b\" data-element_type=\"widget\" data-widget_type=\"button.default\">\n\t\t\t\t<div class=\"elementor-widget-container\">\n\t\t\t\t\t\t\t\t\t<div class=\"elementor-button-wrapper\">\n\t\t\t\t\t<a class=\"elementor-button elementor-button-link elementor-size-sm\" href=\"https:\/\/tawadaarchitects.com\/index.php\/contactanos\/\">\n\t\t\t\t\t\t<span class=\"elementor-button-content-wrapper\">\n\t\t\t\t\t\t\t\t\t<span class=\"elementor-button-text\">Cont\u00e1ctanos<\/span>\n\t\t\t\t\t<\/span>\n\t\t\t\t\t<\/a>\n\t\t\t\t<\/div>\n\t\t\t\t\t\t\t\t<\/div>\n\t\t\t\t<\/div>\n\t\t\t\t<\/div>\n\t\t\t\t\t<\/div>\n\t\t\t\t<\/div>\n\t\t\t\t<\/div>\n\t\t","protected":false},"excerpt":{"rendered":"<p>Nuestras soluciones En Colombia, nuestra experiencia internacional y enfoque multidisciplinario nos permiten ofrecer soluciones integrales en arquitectura e ingenier\u00eda. Transformamos ideas en proyectos que cumplen con los m\u00e1s altos est\u00e1ndares t\u00e9cnicos, est\u00e9ticos y normativos, generando un impacto positivo en las comunidades. Nuestro trabajo ha sido reconocido por el Senado de la Rep\u00fablica de Colombia, destacando [&hellip;]<\/p>\n","protected":false},"author":1,"featured_media":0,"parent":0,"menu_order":0,"comment_status":"closed","ping_status":"closed","template":"elementor_header_footer","meta":{"_acf_changed":false,"footnotes":""},"class_list":["post-29","page","type-page","status-publish","hentry"],"acf":[],"aioseo_notices":[],"_links":{"self":[{"href":"https:\/\/tawadaarchitects.com\/index.php\/wp-json\/wp\/v2\/pages\/29","targetHints":{"allow":["GET"]}}],"collection":[{"href":"https:\/\/tawadaarchitects.com\/index.php\/wp-json\/wp\/v2\/pages"}],"about":[{"href":"https:\/\/tawadaarchitects.com\/index.php\/wp-json\/wp\/v2\/types\/page"}],"author":[{"embeddable":true,"href":"https:\/\/tawadaarchitects.com\/index.php\/wp-json\/wp\/v2\/users\/1"}],"replies":[{"embeddable":true,"href":"https:\/\/tawadaarchitects.com\/index.php\/wp-json\/wp\/v2\/comments?post=29"}],"version-history":[{"count":13,"href":"https:\/\/tawadaarchitects.com\/index.php\/wp-json\/wp\/v2\/pages\/29\/revisions"}],"predecessor-version":[{"id":325,"href":"https:\/\/tawadaarchitects.com\/index.php\/wp-json\/wp\/v2\/pages\/29\/revisions\/325"}],"wp:attachment":[{"href":"https:\/\/tawadaarchitects.com\/index.php\/wp-json\/wp\/v2\/media?parent=29"}],"curies":[{"name":"wp","href":"https:\/\/api.w.org\/{rel}","templated":true}]}}